{"id":41,"date":"2019-11-07T17:07:00","date_gmt":"2019-11-07T17:07:00","guid":{"rendered":"http:\/\/35.207.77.156\/?page_id=41"},"modified":"2024-05-10T13:04:09","modified_gmt":"2024-05-10T11:04:09","slug":"about","status":"publish","type":"page","link":"https:\/\/fuerimmerfreitag.de\/?page_id=41","title":{"rendered":"\u00dcber uns"},"content":{"rendered":"<div class=\"wp-block-image\">\n<figure class=\"alignleft size-full is-resized\"><img loading=\"lazy\" decoding=\"async\" width=\"570\" height=\"320\" src=\"https:\/\/fuerimmerfreitag.de\/wp-content\/uploads\/2020\/03\/2Versuch-1024x704_Test_16_9.jpg\" alt=\"\" class=\"wp-image-464\" style=\"width:451px;height:auto\" srcset=\"https:\/\/fuerimmerfreitag.de\/wp-content\/uploads\/2020\/03\/2Versuch-1024x704_Test_16_9.jpg 570w, https:\/\/fuerimmerfreitag.de\/wp-content\/uploads\/2020\/03\/2Versuch-1024x704_Test_16_9-300x168.jpg 300w\" sizes=\"auto, (max-width: 570px) 100vw, 570px\" \/><\/figure>\n<\/div>\n\n<p>Ohne dass wir uns \u00a0gegenseitig kannten, wurden wir beide von unseren Kindern dazu angeregt, uns mit dem Klimawandel, seinen Folgen, Gefahren und auch mit den damit einhergehenden Chancen zu besch\u00e4ftigen.<\/p>\n<p>Dabei haben wir so viele Informationen gesammelt, Vorstellungen und W\u00fcnsche entwickelt, dass wir beide \u2013 unabh\u00e4ngig voneinander &#8211; auf die Idee kamen, all das mit m\u00f6glichst vielen Menschen zu teilen: Durch einen Blog!<\/p>\n<p>Als wir uns bei der Gruppe <em>Parents for Future Braunschweig<\/em> dann kennen lernten und uns \u00fcber unsere Ideen austauschten, stand der Umsetzung dieses Gedankens nichts mehr im Weg. Zu zweit macht sowieso alles mehr Spa\u00df!<\/p>\n<p>Die Bedrohung des Klimawandels bringt uns dazu, \u00fcber zwei Dinge nachzudenken:<br \/>\u201eWas muss sich politisch \u00e4ndern?\u201c<br \/>\u201eWas kann ich pers\u00f6nlich tun?\u201c<\/p>\n<p>Die Antwort darauf ist keineswegs ein vorgezeichneter Weg. Es geht vielmehr um einen gesellschaftlichen Wandel, den wir gemeinsam entwickeln, den wir selber gestalten k\u00f6nnen und d\u00fcrfen. Und m\u00fcssen, wenn uns nachfolgende Generationen am Herzen liegen.<\/p>\n<p>Aus unserer Sicht ist dieser Wandel nicht nur \u00fcberlebenswichtig, sondern zugleich der Schl\u00fcssel f\u00fcr eine ganz neue Lebensqualit\u00e4t. Deshalb findet ihr in unserem Blog nicht nur unsere Meinung zu aktuellen Themen, sondern auch:<\/p>\n<ul>\n<li>Anregungen f\u00fcr einen nachhaltigeren Alltag<\/li>\n<li>Rezensionen inspirierender Filme und B\u00fccher<\/li>\n<li>Ideen f\u00fcr eine klimafreundlichere Ern\u00e4hrung<\/li>\n<li>Aktuelle Petitionen, Projekte und regionale Klima-Termine (Raum Braunschweig)<\/li>\n<li>Informationen dar\u00fcber, was die Gruppe <em>Parents for Future Braunschweig<\/em> so treibt<\/li>\n<\/ul>\n<p>Die Besch\u00e4ftigung mit dem Klimawandel f\u00fchlt sich h\u00e4ufig &#8211; zu recht &#8211; bedrohlich an. Je mehr wir Gef\u00fchle wie Angst und Ohnmacht an uns heranlassen, desto gr\u00f6\u00dfer ist aber auch die Gefahr, dass wir uns \u00fcberfordern und \u00fcberlasten. Aus diesem Grund ist es uns besonders wichtig eine positive Grundhaltung zu vermitteln. Zum Beispiel indem wir Optionen aufzeigen und den Blick immer wieder auf das M\u00f6gliche richten.<\/p>\n<p><strong>Freitag<\/strong> &#8211; der Tag, an dem seit Anfang 2019 weltweit Schulstreiks stattfinden &#8211;\u00a0 ist das Symbol f\u00fcr den gesellschaftlichen Wandel. Dieser wird uns unser gesamtes weiteres Leben begleiten.<\/p>\n<p><strong>Freitag<\/strong> &#8211; der Tag, an dem das Wochenende beginnt &#8211; somit zugleich das Symbol f\u00fcr die Schwelle zu einem Leben au\u00dferhalb des gewohnten Hamsterrades.<\/p>\n<p><strong>Der Wandel, den wir wollen: F\u00fcr immer Freitag.<\/strong><\/p>\n<p><strong>\u00a0<\/strong><strong><em>Paula und Frieda<br \/><\/em><\/strong>Braunschweig 2020<\/p>","protected":false},"excerpt":{"rendered":"<p>Ohne dass wir uns \u00a0gegenseitig kannten, wurden wir beide von unseren Kindern dazu angeregt, uns mit dem Klimawandel, seinen Folgen, Gefahren und auch mit den damit einhergehenden Chancen zu besch\u00e4ftigen. Dabei haben wir so viele Informationen gesammelt, Vorstellungen und W\u00fcnsche entwickelt, dass wir beide \u2013 unabh\u00e4ngig voneinander &#8211; auf die Idee kamen, all das mit [&hellip;]<\/p>\n","protected":false},"author":2,"featured_media":0,"parent":0,"menu_order":0,"comment_status":"closed","ping_status":"closed","template":"","meta":{"footnotes":""},"class_list":["post-41","page","type-page","status-publish","hentry"],"_links":{"self":[{"href":"https:\/\/fuerimmerfreitag.de\/index.php?rest_route=\/wp\/v2\/pages\/41","targetHints":{"allow":["GET"]}}],"collection":[{"href":"https:\/\/fuerimmerfreitag.de\/index.php?rest_route=\/wp\/v2\/pages"}],"about":[{"href":"https:\/\/fuerimmerfreitag.de\/index.php?rest_route=\/wp\/v2\/types\/page"}],"author":[{"embeddable":true,"href":"https:\/\/fuerimmerfreitag.de\/index.php?rest_route=\/wp\/v2\/users\/2"}],"replies":[{"embeddable":true,"href":"https:\/\/fuerimmerfreitag.de\/index.php?rest_route=%2Fwp%2Fv2%2Fcomments&post=41"}],"version-history":[{"count":4,"href":"https:\/\/fuerimmerfreitag.de\/index.php?rest_route=\/wp\/v2\/pages\/41\/revisions"}],"predecessor-version":[{"id":3460,"href":"https:\/\/fuerimmerfreitag.de\/index.php?rest_route=\/wp\/v2\/pages\/41\/revisions\/3460"}],"wp:attachment":[{"href":"https:\/\/fuerimmerfreitag.de\/index.php?rest_route=%2Fwp%2Fv2%2Fmedia&parent=41"}],"curies":[{"name":"wp","href":"https:\/\/api.w.org\/{rel}","templated":true}]}}