{"id":1979,"date":"2022-02-02T09:37:05","date_gmt":"2022-02-02T09:37:05","guid":{"rendered":"https:\/\/fuerimmerfreitag.de\/?page_id=1979"},"modified":"2022-02-02T09:37:05","modified_gmt":"2022-02-02T09:37:05","slug":"datenschutzerklaerung-2","status":"publish","type":"page","link":"https:\/\/fuerimmerfreitag.de\/?page_id=1979","title":{"rendered":"Datenschutzerkl\u00e4rung"},"content":{"rendered":"\n<div class=\"entry-content\">\n<p>Die Betreiber*innen dieser Seiten nehmen den Schutz Ihrer pers\u00f6nlichen Daten sehr ernst. Wir behandeln Ihre personenbezogenen Daten vertraulich und entsprechend der gesetzlichen Datenschutzvorschriften sowie dieser Datenschutzerkl\u00e4rung.<\/p>\n<p>Die Verarbeitung und Nutzung Ihrer personenbezogenen Daten erfolgt unter strenger Einhaltung aller datenschutzrechtlichen Vorschriften, insbesondere unter Beachtung des Bundesdatenschutzgesetzes (BDSG) sowie des Telemediengesetzes (TMG). Die vorliegende Erkl\u00e4rung zum Datenschutz gilt nur f\u00fcr Webseiten unter dieser Domain. Unsere Datenschutzerkl\u00e4rung erstreckt sich nicht auf Webseiten anderer Anbieter, die mit uns verlinkt sind. Sofern Sie m\u00f6chten, dass personenbezogene Daten gel\u00f6scht werden, oder eine Herausgabe der \u00fcber Sie gespeicherten Informationen ben\u00f6tigen, senden Sie uns bitte eine Nachricht an die oben genannte E-Mail-Adresse. Wir werden uns dann innerhalb der gesetzlich vorgegebenen Fristen darum k\u00fcmmern.<\/p>\n<p>Die Nutzung unserer Website ist in der Regel ohne Angabe personenbezogener Daten m\u00f6glich. Soweit auf unseren Seiten personenbezogene Daten (beispielsweise Name, Anschrift oder E-Mail-Adressen) erhoben werden, erfolgt dies, soweit m\u00f6glich, stets auf freiwilliger Basis. Diese Daten werden ohne Ihre ausdr\u00fcckliche Zustimmung nicht an Dritte weitergegeben.<\/p>\n<p>Wir weisen darauf hin, dass die Daten\u00fcbertragung im Internet (z. B. bei der Kommunikation per E-Mail) Sicherheitsl\u00fccken aufweisen kann. Ein l\u00fcckenloser Schutz der Daten vor dem Zugriff durch Dritte ist nicht m\u00f6glich.<\/p>\n<\/div>\n\n\n\n<h3 class=\"wp-block-heading\">\u00a0<\/h3>\n\n\n\n<h3 class=\"wp-block-heading\">Kontaktformulare<\/h3>\n\n\n\n<p><span class=\"wpcf7-form-control-wrap acceptance-datenspeicher\"><span class=\"wpcf7-form-control wpcf7-acceptance\"><span class=\"wpcf7-list-item\"><span class=\"wpcf7-list-item-label\">Angaben aus dem Kontaktformular werden zur Teilnahme erhoben und verarbeitet. Die Daten werden nach abgeschlossener Bearbeitung oder auf Wunsch gel\u00f6scht. Sie k\u00f6nnen Ihre Einwilligung jederzeit f\u00fcr die Zukunft per E-Mail an p4f.bs@gmx.de widerrufen.<\/span><\/span><\/span><\/span><\/p>\n<p>&nbsp;<\/p>\n\n\n\n<h3 class=\"wp-block-heading\">Eingebettete Inhalte von anderen Websites<\/h3>\n\n\n\n<p>Beitr\u00e4ge auf dieser Website k\u00f6nnen eingebettete Inhalte beinhalten (z.\u00a0B. Videos, Bilder, Beitr\u00e4ge etc.). Eingebettete Inhalte von anderen Websites verhalten sich exakt so, als ob der Besucher die andere Website besucht h\u00e4tte.<\/p>\n\n\n\n<p>Diese Websites k\u00f6nnen Daten \u00fcber Sie sammeln, Cookies benutzen, zus\u00e4tzliche Tracking-Dienste von Dritten einbetten und Ihre Interaktion mit diesem eingebetteten Inhalt aufzeichnen, inklusive Ihrer Interaktion mit dem eingebetteten Inhalt, falls Sie ein Konto haben und auf dieser Website angemeldet sind.<\/p>\n\n\n","protected":false},"excerpt":{"rendered":"<p>Die Betreiber*innen dieser Seiten nehmen den Schutz Ihrer pers\u00f6nlichen Daten sehr ernst. Wir behandeln Ihre personenbezogenen Daten vertraulich und entsprechend der gesetzlichen Datenschutzvorschriften sowie dieser Datenschutzerkl\u00e4rung. Die Verarbeitung und Nutzung Ihrer personenbezogenen Daten erfolgt unter strenger Einhaltung aller datenschutzrechtlichen Vorschriften, insbesondere unter Beachtung des Bundesdatenschutzgesetzes (BDSG) sowie des Telemediengesetzes (TMG). Die vorliegende Erkl\u00e4rung zum Datenschutz [&hellip;]<\/p>\n","protected":false},"author":2,"featured_media":0,"parent":0,"menu_order":0,"comment_status":"closed","ping_status":"closed","template":"","meta":{"footnotes":""},"class_list":["post-1979","page","type-page","status-publish","hentry"],"_links":{"self":[{"href":"https:\/\/fuerimmerfreitag.de\/index.php?rest_route=\/wp\/v2\/pages\/1979","targetHints":{"allow":["GET"]}}],"collection":[{"href":"https:\/\/fuerimmerfreitag.de\/index.php?rest_route=\/wp\/v2\/pages"}],"about":[{"href":"https:\/\/fuerimmerfreitag.de\/index.php?rest_route=\/wp\/v2\/types\/page"}],"author":[{"embeddable":true,"href":"https:\/\/fuerimmerfreitag.de\/index.php?rest_route=\/wp\/v2\/users\/2"}],"replies":[{"embeddable":true,"href":"https:\/\/fuerimmerfreitag.de\/index.php?rest_route=%2Fwp%2Fv2%2Fcomments&post=1979"}],"version-history":[{"count":0,"href":"https:\/\/fuerimmerfreitag.de\/index.php?rest_route=\/wp\/v2\/pages\/1979\/revisions"}],"wp:attachment":[{"href":"https:\/\/fuerimmerfreitag.de\/index.php?rest_route=%2Fwp%2Fv2%2Fmedia&parent=1979"}],"curies":[{"name":"wp","href":"https:\/\/api.w.org\/{rel}","templated":true}]}}