{"id":1970,"date":"2022-02-03T10:19:06","date_gmt":"2022-02-03T10:19:06","guid":{"rendered":"https:\/\/fuerimmerfreitag.de\/?page_id=1970"},"modified":"2024-05-10T12:53:02","modified_gmt":"2024-05-10T10:53:02","slug":"newsletter","status":"publish","type":"page","link":"https:\/\/fuerimmerfreitag.de\/?page_id=1970","title":{"rendered":"Newsletter"},"content":{"rendered":"\n<p>Jeweils im Sommer und im Winter g\u00f6nnen wir uns eine mehrw\u00f6chige Pause. <br>Ansonsten ver\u00f6ffentlichen wir jeden Freitag einen neuen Beitrag.<br>Manchmal schon Donnerstagabend, mal erst Freitagnachmittag.<br>Trag Dich f\u00fcr unseren Newsletter ein und erfahre sofort, wann ein neuer Beitrag online ist!<\/p>\n\n\n\n<p>Lest vorher unsere <a href=\"https:\/\/fuerimmerfreitag.de\/?page_id=1979\" target=\"_blank\" rel=\"noreferrer noopener\"><strong><mark style=\"background-color:rgba(0, 0, 0, 0);color:#1b8646\" class=\"has-inline-color\">Datenschutzerkl\u00e4rung<\/mark><\/strong><\/a>.<\/p>\n\n\n<div data-test='contact-form' id='contact-form-1970' class='wp-block-jetpack-contact-form-container '>\n<form action='https:\/\/fuerimmerfreitag.de\/?page_id=1970#contact-form-1970' method='post' class='contact-form commentsblock'>\n<script>\n\t\t\t( function () {\n\t\t\t\tconst contact_forms = document.getElementsByClassName('contact-form');\n\n\t\t\t\tfor ( const form of contact_forms ) {\n\t\t\t\t\tform.onsubmit = function() {\n\t\t\t\t\t\tconst buttons = form.getElementsByTagName('button');\n\n\t\t\t\t\t\tfor( const button of buttons ) {\n\t\t\t\t\t\t\tbutton.setAttribute('disabled', true);\n\t\t\t\t\t\t}\n\t\t\t\t\t}\n\t\t\t\t}\n\t\t\t} )();\n\t\t<\/script>\n<div style=\"\" class='grunion-field-name-wrap grunion-field-wrap'  >\n<label\n\t\t\t\tfor='g1970-name'\n\t\t\t\tclass='grunion-field-label name'\n\t\t\t\t>Name<span>(erforderlich)<\/span><\/label>\n<input\n\t\t\t\t\ttype='text'\n\t\t\t\t\tname='g1970-name'\n\t\t\t\t\tid='g1970-name'\n\t\t\t\t\tvalue=''\n\t\t\t\t\tclass='name  grunion-field' \n\t\t\t\t\trequired aria-required='true' \/>\n\t<\/div>\n\n<div style=\"\" class='grunion-field-email-wrap grunion-field-wrap'  >\n<label\n\t\t\t\tfor='g1970-email'\n\t\t\t\tclass='grunion-field-label email'\n\t\t\t\t>E-Mail<span>(erforderlich)<\/span><\/label>\n<input\n\t\t\t\t\ttype='email'\n\t\t\t\t\tname='g1970-email'\n\t\t\t\t\tid='g1970-email'\n\t\t\t\t\tvalue=''\n\t\t\t\t\tclass='email  grunion-field' \n\t\t\t\t\trequired aria-required='true' \/>\n\t<\/div>\n\n<div style=\"\" class='grunion-field-checkbox-wrap grunion-field-wrap'  >\n<label class='grunion-field-label checkbox' style=''>\t\t<input type='checkbox' name='g1970-ichhabediedatenschutzerklrunggelesenunderkennedieseausdrcklichan' value='Ja' class='checkbox  grunion-field'  required aria-required='true'\/> \n\t\tIch habe die Datenschutzerkl\u00e4rung gelesen und erkenne diese ausdr\u00fccklich an.<span>(erforderlich)<\/span><\/label>\n<div class='clear-form'><\/div>\n\t<\/div>\n\n<div style=\"\" class='grunion-field-checkbox-wrap grunion-field-wrap'  >\n<label class='grunion-field-label checkbox' style=''>\t\t<input type='checkbox' name='g1970-ichstimmezudassmeineangabenausdemkontaktformularzurteilnahmeerhobenundverarbeitetwerden-diedatenwerdennachabgeschlossenerbearbeitungoderaufwunschgelscht' value='Ja' class='checkbox  grunion-field'  required aria-required='true'\/> \n\t\tIch stimme zu dass meine Angaben aus dem Kontaktformular zur Teilnahme erhoben und verarbeitet werden. Die Daten werden nach abgeschlossener Bearbeitung oder auf Wunsch gel\u00f6scht.<span>(erforderlich)<\/span><\/label>\n<div class='clear-form'><\/div>\n\t<\/div>\n\n<div style=\"\" class='grunion-field-text-wrap grunion-field-wrap'  >\n<label\n\t\t\t\tfor='g1970-mchtestduunsnochetwasmitteilen'\n\t\t\t\tclass='grunion-field-label text'\n\t\t\t\t>M\u00f6chtest Du uns noch etwas mitteilen?<\/label>\n<input\n\t\t\t\t\ttype='text'\n\t\t\t\t\tname='g1970-mchtestduunsnochetwasmitteilen'\n\t\t\t\t\tid='g1970-mchtestduunsnochetwasmitteilen'\n\t\t\t\t\tvalue=''\n\t\t\t\t\tclass='text  grunion-field' \n\t\t\t\t\t \/>\n\t<\/div>\n\t<p class='contact-submit'>\n\t\t<button type='submit' class='pushbutton-wide'>Senden<\/button>\t\t<input type='hidden' name='contact-form-id' value='1970' \/>\n\t\t<input type='hidden' name='action' value='grunion-contact-form' \/>\n\t\t<input type='hidden' name='contact-form-hash' value='bc60b1e0bfeb694f1509728fc12ff213d48f2be3' \/>\n\t<\/p>\n<\/form>\n<\/div>","protected":false},"excerpt":{"rendered":"<p>Jeweils im Sommer und im Winter g\u00f6nnen wir uns eine mehrw\u00f6chige Pause. Ansonsten ver\u00f6ffentlichen wir jeden Freitag einen neuen Beitrag.Manchmal schon Donnerstagabend, mal erst Freitagnachmittag.Trag Dich f\u00fcr unseren Newsletter ein und erfahre sofort, wann ein neuer Beitrag online ist! Lest vorher unsere Datenschutzerkl\u00e4rung.<\/p>\n","protected":false},"author":2,"featured_media":0,"parent":0,"menu_order":0,"comment_status":"closed","ping_status":"closed","template":"","meta":{"footnotes":""},"class_list":["post-1970","page","type-page","status-publish","hentry"],"_links":{"self":[{"href":"https:\/\/fuerimmerfreitag.de\/index.php?rest_route=\/wp\/v2\/pages\/1970","targetHints":{"allow":["GET"]}}],"collection":[{"href":"https:\/\/fuerimmerfreitag.de\/index.php?rest_route=\/wp\/v2\/pages"}],"about":[{"href":"https:\/\/fuerimmerfreitag.de\/index.php?rest_route=\/wp\/v2\/types\/page"}],"author":[{"embeddable":true,"href":"https:\/\/fuerimmerfreitag.de\/index.php?rest_route=\/wp\/v2\/users\/2"}],"replies":[{"embeddable":true,"href":"https:\/\/fuerimmerfreitag.de\/index.php?rest_route=%2Fwp%2Fv2%2Fcomments&post=1970"}],"version-history":[{"count":3,"href":"https:\/\/fuerimmerfreitag.de\/index.php?rest_route=\/wp\/v2\/pages\/1970\/revisions"}],"predecessor-version":[{"id":3453,"href":"https:\/\/fuerimmerfreitag.de\/index.php?rest_route=\/wp\/v2\/pages\/1970\/revisions\/3453"}],"wp:attachment":[{"href":"https:\/\/fuerimmerfreitag.de\/index.php?rest_route=%2Fwp%2Fv2%2Fmedia&parent=1970"}],"curies":[{"name":"wp","href":"https:\/\/api.w.org\/{rel}","templated":true}]}}